{"id":140,"date":"2019-10-27T11:45:56","date_gmt":"2019-10-27T11:45:56","guid":{"rendered":"https:\/\/originalsin.fr\/?page_id=140"},"modified":"2023-05-23T17:57:43","modified_gmt":"2023-05-23T15:57:43","slug":"about","status":"publish","type":"page","link":"https:\/\/sulphurya.com\/index.php\/about\/","title":{"rendered":"Biography"},"content":{"rendered":"\t\t<div data-elementor-type=\"wp-page\" data-elementor-id=\"140\" class=\"elementor elementor-140\">\n\t\t\t\t\t\t<section class=\"elementor-section elementor-top-section elementor-element elementor-element-39254f3 parallax elementor-section-boxed elementor-section-height-default elementor-section-height-default\" data-id=\"39254f3\" data-element_type=\"section\" data-e-type=\"section\" data-settings=\"{&quot;background_background&quot;:&quot;classic&quot;}\">\n\t\t\t\t\t\t<div class=\"elementor-container elementor-column-gap-default\">\n\t\t\t\t\t<div class=\"elementor-column elementor-col-100 elementor-top-column elementor-element elementor-element-e876ded\" data-id=\"e876ded\" data-element_type=\"column\" data-e-type=\"column\">\n\t\t\t<div class=\"elementor-widget-wrap elementor-element-populated\">\n\t\t\t\t\t\t<div class=\"elementor-element elementor-element-e6f14dc elementor-widget elementor-widget-text-editor\" data-id=\"e6f14dc\" data-element_type=\"widget\" data-e-type=\"widget\" data-widget_type=\"text-editor.default\">\n\t\t\t\t<div class=\"elementor-widget-container\">\n\t\t\t\t\t\t\t\t\t<p>\u00a0<\/p><p>\u00a0<\/p><p>(English below)<\/p><p><span style=\"font-weight: var( --e-global-typography-text-font-weight );\">La rose et l\u2019acide\u2026<\/span><\/p><p>C\u2019est en voulant fonder une nouvelle formule chimique dans l\u2019univers de l&#8217; \u00e9lectro-Rock, que Sulphurya, lors d\u2019une temp\u00eate automnale de 2020, vit le jour.<\/p><p>Au coeur de la Moselle, dans l\u2019\u0153il du cyclone, une chanteuse et un compositeur exp\u00e9riment\u00e8rent de verser quelques gouttes d\u2019acide sulfurique &#8230; sur une rose &#8230; avec une pointe de M\u00e9tal.<\/p><p>L&#8217;harmonie et le son de la r\u00e9action en r\u00e9sultant furent tellement complexes qu\u2019elles en demeur\u00e8rent insaisissables.<\/p><p>Certains en auraient d\u00e9j\u00e0 d\u00e9couvert les secrets mais se seraient retrouv\u00e9s m\u00e9lodiquement pi\u00e9g\u00e9s\u2026.<\/p><p><span style=\"font-size: 18px;\">Prenez donc garde lorsque vous tenterez l\u2019exp\u00e9rience !<\/span><\/p><div>\u00a0<\/div>\t\t\t\t\t\t\t\t<\/div>\n\t\t\t\t<\/div>\n\t\t\t\t<div class=\"elementor-element elementor-element-0ce311b elementor-widget elementor-widget-heading\" data-id=\"0ce311b\" data-element_type=\"widget\" data-e-type=\"widget\" data-widget_type=\"heading.default\">\n\t\t\t\t<div class=\"elementor-widget-container\">\n\t\t\t\t\t<h4 class=\"elementor-heading-title elementor-size-default\">Pour en savoir plus :<\/h4>\t\t\t\t<\/div>\n\t\t\t\t<\/div>\n\t\t\t\t<div class=\"elementor-element elementor-element-bd63485 elementor-widget elementor-widget-text-editor\" data-id=\"bd63485\" data-element_type=\"widget\" data-e-type=\"widget\" data-widget_type=\"text-editor.default\">\n\t\t\t\t<div class=\"elementor-widget-container\">\n\t\t\t\t\t\t\t\t\t<p style=\"margin-bottom: .0001pt; mso-layout-grid-align: none; text-autospace: none;\"><b><span style=\"font-size: 14.0pt; line-height: 115%; font-family: 'Bell MT','serif'; mso-bidi-font-family: Arial;\">Sulphurya<\/span><\/b><span style=\"font-size: 14.0pt; line-height: 115%; font-family: 'Bell MT','serif'; mso-bidi-font-family: Arial;\"> est un groupe \u00e9mergeant d\u2019<b>Alsace-Lorraine <\/b>qui s\u2019<b>auto-produit<\/b><b> <\/b>totalement (Parallaxya Productions).<\/span><\/p>\n<p style=\"margin-bottom: .0001pt; mso-layout-grid-align: none; text-autospace: none;\"><span style=\"font-size: 14.0pt; line-height: 115%; font-family: 'Bell MT','serif'; mso-bidi-font-family: Arial;\"><span style=\"font-family: 'Bell MT', 'serif';\">Ils se d\u00e9finissent comme un groupe d\u2019<\/span><span style=\"font-weight: bold;\">\u00e9lectro rock<\/span><span style=\"font-family: 'Bell MT', 'serif';\">&nbsp;avec une pointe de m\u00e9tal.<\/span><\/span><span style=\"font-family: 'Bell MT', 'serif'; font-size: 14pt; color: var( --e-global-color-text ); font-weight: var( --e-global-typography-text-font-weight );\">&nbsp;<\/span><\/p>\n<p style=\"margin-bottom: .0001pt; mso-layout-grid-align: none; text-autospace: none;\"><span style=\"font-family: 'Bell MT', 'serif'; font-size: 14pt; color: var( --e-global-color-text ); font-weight: var( --e-global-typography-text-font-weight );\">&nbsp;<\/span><\/p>\n<p style=\"margin-bottom: .0001pt; mso-layout-grid-align: none; text-autospace: none;\"><span style=\"font-size: 14.0pt; line-height: 115%; font-family: 'Bell MT','serif'; mso-bidi-font-family: Arial;\">Fond\u00e9 en<b> 2020<\/b>, il \u00e9tait tout d&#8217;abord compos\u00e9 de Julien Raidelet (guitariste\/compositeur\/full stack producer vid\u00e9o et audio) et de C\u00e9cile Br\u00e9vi (chanteuse\/auteur\/interpr\u00e8te).&nbsp;&nbsp;<\/span><span style=\"font-family: 'Bell MT', 'serif'; font-size: 14pt; color: var( --e-global-color-text ); font-weight: var( --e-global-typography-text-font-weight );\">Apr\u00e8s une pause de presque deux ans, suite au d\u00e9part de C\u00e9cile, Julien a d\u00e9cid\u00e9 de continuer son exploration musicale en laissant libre cours \u00e0 ces id\u00e9es en partant du contexte initial.<\/span><span style=\"font-family: 'Bell MT', 'serif'; font-size: 14pt; color: var( --e-global-color-text ); font-weight: var( --e-global-typography-text-font-weight );\">&nbsp;<\/span><\/p>\n<p style=\"margin-bottom: .0001pt; mso-layout-grid-align: none; text-autospace: none;\"><span style=\"font-family: 'Bell MT', 'serif'; font-size: 14pt; color: var( --e-global-color-text ); font-weight: var( --e-global-typography-text-font-weight );\">&nbsp;<\/span><\/p>\n<p style=\"margin-bottom: .0001pt; mso-layout-grid-align: none; text-autospace: none;\"><span style=\"font-size: 14.0pt; line-height: 115%; font-family: 'Bell MT','serif'; mso-bidi-font-family: Arial;\">Le 30 Octobre 2021 \u00e9tait sorti le&nbsp;<b>premier single \u00ab&nbsp;Astral Romance&nbsp;\u00bb<\/b>, sur les plates-formes de streaming. Sur Youtube, ils avaient \u00e9galement publi\u00e9 une <b>vid\u00e9o lyrique<\/b> avec un Artwork personnel original. <\/span><\/p>\n<p style=\"margin-bottom: .0001pt; mso-layout-grid-align: none; text-autospace: none;\"><span style=\"font-size: 14.0pt; line-height: 115%; font-family: 'Bell MT','serif'; mso-bidi-font-family: Arial;\">&nbsp;<\/span><\/p>\n<p style=\"margin-bottom: .0001pt; mso-layout-grid-align: none; text-autospace: none;\"><span style=\"font-size: 14.0pt; line-height: 115%; font-family: 'Bell MT','serif'; mso-bidi-font-family: Arial;\">Ils avaient attir\u00e9 plus de <b>1000 abonn\u00e9s en quelques semaines <\/b>sur leurs r\u00e9seaux sociaux et fait <b>plus de 700 vues en quelques jours<\/b> seulement.&nbsp;&nbsp;<\/span><\/p>\n<p style=\"margin-bottom: .0001pt; mso-layout-grid-align: none; text-autospace: none;\"><span style=\"font-size: 14.0pt; line-height: 115%; font-family: 'Bell MT','serif'; mso-bidi-font-family: Arial;\">&nbsp;<\/span><\/p>\n<p style=\"margin-bottom: .0001pt; mso-layout-grid-align: none; text-autospace: none;\"><span style=\"font-size: 14.0pt; line-height: 115%; font-family: 'Bell MT','serif'; mso-bidi-font-family: Arial;\">Leur <b>second single<\/b> <b>\u00ab&nbsp;Silent Screams&nbsp;\u00bb, <\/b>masteris\u00e9 par Christoph Wieczorek (<b>Annisokay<\/b>, Captives, We Butter The Bread, With Butter\u2026).<\/span><\/p>\n<p style=\"margin-bottom: .0001pt; mso-layout-grid-align: none; text-autospace: none;\"><span style=\"font-size: 14.0pt; line-height: 115%; font-family: 'Bell MT','serif'; mso-bidi-font-family: Arial;\">\u00e9tait sorti le 4 d\u00e9cembre 2020, accompagn\u00e9e de son clip \u00e9galement. L\u00e0 aussi le succ\u00e8s fut au RDV avec un r\u00e9sultat tr\u00e8s encourageant.<\/span><\/p>\n<p style=\"margin-bottom: .0001pt; mso-layout-grid-align: none; text-autospace: none;\"><span style=\"font-size: 14.0pt; line-height: 115%; font-family: 'Bell MT','serif'; mso-bidi-font-family: Arial;\">&nbsp;<\/span><\/p>\n<p><span style=\"font-size: 14.0pt; line-height: 115%; font-family: 'Bell MT','serif'; mso-bidi-font-family: Arial;\">Le <strong>troisi\u00e8me clip<\/strong>, accompagnant la musique&nbsp;<\/span><span style=\"color: var( --e-global-color-text ); font-weight: bold; font-size: 18.6667px;\">\u00ab&nbsp;<\/span><strong><span style=\"color: var( --e-global-color-text ); font-size: 18.6667px;\">Without Dreams<\/span><\/strong><span style=\"color: var( --e-global-color-text ); font-weight: bold; font-size: 18.6667px;\"> \u00bb, <\/span><span style=\"color: var( --e-global-color-text ); font-size: 18.6667px;\">\u00e9galement<\/span><span style=\"font-family: 'Bell MT', 'serif'; font-size: 18.6667px;\">&nbsp;<\/span><span style=\"color: var( --e-global-color-text ); font-size: 18.6667px;\">masteris\u00e9e<\/span><span style=\"color: var( --e-global-color-text ); font-weight: var( --e-global-typography-text-font-weight ); font-family: 'Bell MT', 'serif'; font-size: 18.6667px;\">&nbsp;par <strong>Christoph Wieczorek<\/strong> est sorti le 12 mars 2021. Succ\u00e8s imm\u00e9diat.<\/span><\/p>\n<p><span style=\"color: var( --e-global-color-text ); font-weight: bold; font-size: 18.6667px;\">\u00ab&nbsp;<\/span><span style=\"font-weight: 600;\"><span style=\"color: var( --e-global-color-text ); font-size: 18.6667px;\">RFAD Opening<\/span><\/span><span style=\"color: var( --e-global-color-text ); font-weight: bold; font-size: 18.6667px;\">&nbsp;\u00bb <\/span><span style=\"font-family: 'Bell MT', 'serif'; font-size: 18.6667px; color: var( --e-global-color-text ); font-weight: var( --e-global-typography-text-font-weight );\">fut diffus\u00e9 le 29 juillet 2021, par e-mail, aux fans uniquement.&nbsp;&nbsp;<\/span><span style=\"color: var( --e-global-color-text ); font-family: 'Bell MT', 'serif'; font-size: 18.6667px; font-weight: var( --e-global-typography-text-font-weight );\">Il s&#8217;agissait d&#8217;un titre d&#8217;ouverture pour les concerts.&nbsp;<\/span><\/p>\n<p><span style=\"font-family: 'Bell MT', 'serif'; font-size: 14pt; color: var( --e-global-color-text ); font-weight: var( --e-global-typography-text-font-weight );\">&nbsp;<\/span><\/p>\n<p><span style=\"font-family: 'Bell MT', 'serif'; font-size: 14pt; color: var( --e-global-color-text ); font-weight: var( --e-global-typography-text-font-weight );\">Malheureusement les al\u00e9as de la vie ont mis la pand\u00e9mie sur le chemin de cette r\u00e9ussite \u00e9mergeante. Cette longue phase difficile qui a impact\u00e9 nos vies \u00e0 tous a \u00e9galement eu raison des r\u00eaves de r\u00e9ussite du duo.<\/span><span style=\"font-family: 'Bell MT', 'serif'; font-size: 14pt; color: var( --e-global-color-text ); font-weight: var( --e-global-typography-text-font-weight );\">&nbsp;<\/span><span style=\"font-family: 'Bell MT', 'serif'; font-size: 14pt; color: var( --e-global-color-text ); font-weight: var( --e-global-typography-text-font-weight );\">Sulphurya tomba alors dans un sommeil profond. Mais comme tout sommeil il fut orn\u00e9 de r\u00eaves. Des r\u00eaves sombres pour certains et des r\u00eave plus doux, musicaux, qui se sont concr\u00e9tis\u00e9s petit \u00e0 petit dans le monde r\u00e9el. Puis la situation mondiale semble \u00eatre revenue \u00e0 la normale, ou presque, et voici que les projets reprennent.&nbsp;<\/span><\/p>\n<p style=\"margin-bottom: .0001pt; mso-layout-grid-align: none; text-autospace: none;\"><span style=\"font-size: 14.0pt; line-height: 115%; font-family: 'Bell MT','serif'; mso-bidi-font-family: Arial;\">&nbsp;<\/span><\/p>\n<p style=\"margin-bottom: .0001pt; mso-layout-grid-align: none; text-autospace: none;\"><span style=\"font-size: 14.0pt; line-height: 115%; font-family: 'Bell MT','serif'; mso-bidi-font-family: Arial;\">C&#8217;est ainsi que vit le jour&nbsp;<\/span><strong><span style=\"font-size: 18.6667px; color: var( --e-global-color-text );\">\u00ab&nbsp;<\/span><span style=\"font-family: 'Bell MT', 'serif'; font-size: 14pt; color: var( --e-global-color-text );\">Rising From The Ashes<\/span><span style=\"font-size: 18.6667px; color: var( --e-global-color-text );\">&nbsp;<\/span><span style=\"font-size: 18.6667px; color: var( --e-global-color-text );\">\u00bb<\/span><\/strong><span style=\"color: var( --e-global-color-text ); font-family: 'Bell MT', 'serif'; font-size: 14pt; font-weight: var( --e-global-typography-text-font-weight );\">, un single uniquement instrumental, tout droit tir\u00e9 de cette \u00e9preuve. Le single donne une sensation de myst\u00e8re mais \u00e9galement de puissance et d&#8217;espoir, comme celle de la vie qui sait toujours rebondir m\u00eame une fois r\u00e9duite en cendre.<\/span><\/p>\n<p style=\"margin-bottom: .0001pt; mso-layout-grid-align: none; text-autospace: none;\"><span style=\"font-size: 14.0pt; line-height: 115%; font-family: 'Bell MT','serif'; mso-bidi-font-family: Arial;\">&nbsp;<\/span><\/p>\n<p style=\"margin-bottom: .0001pt; mso-layout-grid-align: none; text-autospace: none;\"><span style=\"font-size: 14.0pt; line-height: 115%; font-family: 'Bell MT','serif'; mso-bidi-font-family: Arial;\">&nbsp;<\/span><\/p>\t\t\t\t\t\t\t\t<\/div>\n\t\t\t\t<\/div>\n\t\t\t\t<div class=\"elementor-element elementor-element-b83e462 elementor-widget elementor-widget-text-editor\" data-id=\"b83e462\" data-element_type=\"widget\" data-e-type=\"widget\" data-widget_type=\"text-editor.default\">\n\t\t\t\t<div class=\"elementor-widget-container\">\n\t\t\t\t\t\t\t\t\t<p><span style=\"text-decoration: underline;\"><strong>Quelques retours du Public<\/strong><\/span><br \/><strong>\u2022<\/strong> Beau voyage interstellaire. Merci (I.M) <br \/>\u2022 C\u2019est du propre, pas ce qu\u2019on a l\u2019habitude d\u2019entendre dans les environs. (J.G)<br \/>\u2022 Superbe voix, c\u2019est magnifique (H.E)<br \/>\u2022 Je me suis surpris \u00e0 \u00e9couter jusqu\u2019au bout et tu sais que ce n\u2019est pas trop ma came\u2026le clip est vraiment bien. Bravo, beau projet (L.C)<br \/>\u2022 Douces vibrations (A.C)<br \/>\u2022 Tr\u00e8s original, je trouve que le c\u00f4t\u00e9 &#8220;galactique&#8221; dans les m\u00e9lodies \u00e9lectro se marie super bien avec le c\u00f4t\u00e9 rock alternatif \u00e0 la Evanescence (L.H)<\/p><p>\u00a0<\/p>\t\t\t\t\t\t\t\t<\/div>\n\t\t\t\t<\/div>\n\t\t\t\t<div class=\"elementor-element elementor-element-4cd9639 elementor-widget elementor-widget-spacer\" data-id=\"4cd9639\" data-element_type=\"widget\" data-e-type=\"widget\" data-widget_type=\"spacer.default\">\n\t\t\t\t<div class=\"elementor-widget-container\">\n\t\t\t\t\t\t\t<div class=\"elementor-spacer\">\n\t\t\t<div class=\"elementor-spacer-inner\"><\/div>\n\t\t<\/div>\n\t\t\t\t\t\t<\/div>\n\t\t\t\t<\/div>\n\t\t\t\t<div class=\"elementor-element elementor-element-531c412 elementor-widget elementor-widget-text-editor\" data-id=\"531c412\" data-element_type=\"widget\" data-e-type=\"widget\" data-widget_type=\"text-editor.default\">\n\t\t\t\t<div class=\"elementor-widget-container\">\n\t\t\t\t\t\t\t\t\t<p>Rose and acid &#8230;<\/p>\n<p>It was by wanting to find a new chemical formula in the universe of electro metal, that Sulphurya, during an autumnal storm of 2020, was born.<\/p>\n<p>In the NorthEeast of France, inside the eye of a cyclone, a singer and a composer experimented pouring a few drops of sulfuric acid &#8230; on a rose &#8230; with a hint of Metal.&nbsp;<\/p>\n<p>The harmony and sound of the resulting reaction was so complex that it was elusive.<\/p>\n<p>Some would have already discovered its secrets but would have found themselves melodically trapped\u2026.<\/p>\n<p>So please, take care when you try the experiment!<\/p>\t\t\t\t\t\t\t\t<\/div>\n\t\t\t\t<\/div>\n\t\t\t\t\t<\/div>\n\t\t<\/div>\n\t\t\t\t\t<\/div>\n\t\t<\/section>\n\t\t\t\t<\/div>\n\t\t","protected":false},"excerpt":{"rendered":"<p>\u00a0 \u00a0 (English below) La rose et l\u2019acide\u2026 C\u2019est en voulant fonder une nouvelle formule chimique dans l\u2019univers de l&#8217; \u00e9lectro-Rock, que Sulphurya, lors d\u2019une temp\u00eate automnale de 2020, vit le jour. Au coeur de la Moselle, dans l\u2019\u0153il du cyclone, une chanteuse et un compositeur exp\u00e9riment\u00e8rent de verser quelques gouttes d\u2019acide sulfurique &#8230; sur [&hellip;]<\/p>\n","protected":false},"author":2,"featured_media":0,"parent":0,"menu_order":0,"comment_status":"closed","ping_status":"closed","template":"elementor_header_footer","meta":{"footnotes":""},"class_list":["post-140","page","type-page","status-publish","hentry"],"yoast_head":"<!-- This site is optimized with the Yoast SEO plugin v27.4 - https:\/\/yoast.com\/product\/yoast-seo-wordpress\/ -->\n<title>Biography - Sulphurya<\/title>\n<meta name=\"description\" content=\"Biography - Sulphurya\" \/>\n<meta name=\"robots\" content=\"index, follow, max-snippet:-1, max-image-preview:large, max-video-preview:-1\" \/>\n<link rel=\"canonical\" href=\"https:\/\/sulphurya.com\/index.php\/about\/\" \/>\n<meta property=\"og:locale\" content=\"en_US\" \/>\n<meta property=\"og:type\" content=\"article\" \/>\n<meta property=\"og:title\" content=\"Biography - Sulphurya\" \/>\n<meta property=\"og:description\" content=\"Biography - Sulphurya\" \/>\n<meta property=\"og:url\" content=\"https:\/\/sulphurya.com\/index.php\/about\/\" \/>\n<meta property=\"og:site_name\" content=\"Sulphurya\" \/>\n<meta property=\"article:publisher\" content=\"https:\/\/www.facebook.com\/sulphurya\" \/>\n<meta property=\"article:modified_time\" content=\"2023-05-23T15:57:43+00:00\" \/>\n<meta name=\"twitter:card\" content=\"summary_large_image\" \/>\n<meta name=\"twitter:site\" content=\"@sulphurya\" \/>\n<meta name=\"twitter:label1\" content=\"Est. reading time\" \/>\n\t<meta name=\"twitter:data1\" content=\"3 minutes\" \/>\n<!-- \/ Yoast SEO plugin. -->","yoast_head_json":{"title":"Biography - Sulphurya","description":"Biography - Sulphurya","robots":{"index":"index","follow":"follow","max-snippet":"max-snippet:-1","max-image-preview":"max-image-preview:large","max-video-preview":"max-video-preview:-1"},"canonical":"https:\/\/sulphurya.com\/index.php\/about\/","og_locale":"en_US","og_type":"article","og_title":"Biography - Sulphurya","og_description":"Biography - Sulphurya","og_url":"https:\/\/sulphurya.com\/index.php\/about\/","og_site_name":"Sulphurya","article_publisher":"https:\/\/www.facebook.com\/sulphurya","article_modified_time":"2023-05-23T15:57:43+00:00","twitter_card":"summary_large_image","twitter_site":"@sulphurya","twitter_misc":{"Est. reading time":"3 minutes"},"schema":{"@context":"https:\/\/schema.org","@graph":[{"@type":"WebPage","@id":"https:\/\/sulphurya.com\/index.php\/about\/","url":"https:\/\/sulphurya.com\/index.php\/about\/","name":"Biography - Sulphurya","isPartOf":{"@id":"https:\/\/sulphurya.com\/#website"},"datePublished":"2019-10-27T11:45:56+00:00","dateModified":"2023-05-23T15:57:43+00:00","description":"Biography - Sulphurya","breadcrumb":{"@id":"https:\/\/sulphurya.com\/index.php\/about\/#breadcrumb"},"inLanguage":"en-US","potentialAction":[{"@type":"ReadAction","target":["https:\/\/sulphurya.com\/index.php\/about\/"]}]},{"@type":"BreadcrumbList","@id":"https:\/\/sulphurya.com\/index.php\/about\/#breadcrumb","itemListElement":[{"@type":"ListItem","position":1,"name":"Home","item":"https:\/\/sulphurya.com\/"},{"@type":"ListItem","position":2,"name":"Biography"}]},{"@type":"WebSite","@id":"https:\/\/sulphurya.com\/#website","url":"https:\/\/sulphurya.com\/","name":"Sulphurya","description":"Sulphurya - Official Page","publisher":{"@id":"https:\/\/sulphurya.com\/#organization"},"potentialAction":[{"@type":"SearchAction","target":{"@type":"EntryPoint","urlTemplate":"https:\/\/sulphurya.com\/?s={search_term_string}"},"query-input":{"@type":"PropertyValueSpecification","valueRequired":true,"valueName":"search_term_string"}}],"inLanguage":"en-US"},{"@type":"Organization","@id":"https:\/\/sulphurya.com\/#organization","name":"Sulphurya","url":"https:\/\/sulphurya.com\/","logo":{"@type":"ImageObject","inLanguage":"en-US","@id":"https:\/\/sulphurya.com\/#\/schema\/logo\/image\/","url":"https:\/\/sulphurya.com\/wp-content\/uploads\/2020\/10\/Sulphurya-logo-metal.png","contentUrl":"https:\/\/sulphurya.com\/wp-content\/uploads\/2020\/10\/Sulphurya-logo-metal.png","width":2000,"height":1000,"caption":"Sulphurya"},"image":{"@id":"https:\/\/sulphurya.com\/#\/schema\/logo\/image\/"},"sameAs":["https:\/\/www.facebook.com\/sulphurya","https:\/\/x.com\/sulphurya","https:\/\/instagram.com\/sulphurya.band","https:\/\/www.youtube.com\/channel\/UC4CreLJO4zCJrbwHIb3fPXg"]}]}},"_links":{"self":[{"href":"https:\/\/sulphurya.com\/index.php\/wp-json\/wp\/v2\/pages\/140","targetHints":{"allow":["GET"]}}],"collection":[{"href":"https:\/\/sulphurya.com\/index.php\/wp-json\/wp\/v2\/pages"}],"about":[{"href":"https:\/\/sulphurya.com\/index.php\/wp-json\/wp\/v2\/types\/page"}],"author":[{"embeddable":true,"href":"https:\/\/sulphurya.com\/index.php\/wp-json\/wp\/v2\/users\/2"}],"replies":[{"embeddable":true,"href":"https:\/\/sulphurya.com\/index.php\/wp-json\/wp\/v2\/comments?post=140"}],"version-history":[{"count":0,"href":"https:\/\/sulphurya.com\/index.php\/wp-json\/wp\/v2\/pages\/140\/revisions"}],"wp:attachment":[{"href":"https:\/\/sulphurya.com\/index.php\/wp-json\/wp\/v2\/media?parent=140"}],"curies":[{"name":"wp","href":"https:\/\/api.w.org\/{rel}","templated":true}]}}